{"id":48,"date":"2025-11-13T11:02:18","date_gmt":"2025-11-13T10:02:18","guid":{"rendered":"https:\/\/trasluzinmobiliaria.com\/?page_id=48"},"modified":"2026-01-29T10:29:13","modified_gmt":"2026-01-29T09:29:13","slug":"aviso-legal","status":"publish","type":"page","link":"https:\/\/trasluzinmobiliaria.com\/en\/aviso-legal\/","title":{"rendered":"Legal notice"},"content":{"rendered":"<div data-elementor-type=\"wp-page\" data-elementor-id=\"48\" class=\"elementor elementor-48\" data-elementor-post-type=\"page\">\n\t\t\t\t<div class=\"elementor-element elementor-element-3a3deaa e-flex e-con-boxed e-con e-parent\" data-id=\"3a3deaa\" data-element_type=\"container\" data-e-type=\"container\" data-settings=\"{&quot;background_background&quot;:&quot;classic&quot;}\">\n\t\t\t\t\t<div class=\"e-con-inner\">\n\t\t\t\t<div class=\"elementor-element elementor-element-2fed06b elementor-widget elementor-widget-heading\" data-id=\"2fed06b\" data-element_type=\"widget\" data-e-type=\"widget\" data-widget_type=\"heading.default\">\n\t\t\t\t\t<h2 class=\"elementor-heading-title elementor-size-default\">Legal notice and general terms of use.\n<\/h2>\t\t\t\t<\/div>\n\t\t\t\t<div class=\"elementor-element elementor-element-2193746 elementor-widget elementor-widget-text-editor\" data-id=\"2193746\" data-element_type=\"widget\" data-e-type=\"widget\" data-widget_type=\"text-editor.default\">\n\t\t\t\t\t\t\t\t\t<p>I. GENERAL INFORMATION<\/p>\t\t\t\t\t\t\t\t<\/div>\n\t\t\t\t<div class=\"elementor-element elementor-element-7644eaf elementor-widget elementor-widget-text-editor\" data-id=\"7644eaf\" data-element_type=\"widget\" data-e-type=\"widget\" data-widget_type=\"text-editor.default\">\n\t\t\t\t\t\t\t\t\t<p>In compliance with the duty to provide information established in Law 34\/2002 on Information Society Services and Electronic Commerce (LSSI-CE) of July 11, the following general information about this website is provided below:<\/p><p>The ownership of this website, https:\/\/origenrocha.com, (hereinafter, Website) belongs to: <strong>Manuel Gonz\u00e1lez Aguilar<\/strong>, with NIF: <span style=\"font-weight: 400;\">44059706D<\/span>, and whose contact details are:<\/p><p>Contact email: <a href=\"mailto:hola@trasluzinmobiliaria.com\"><strong>hola@trasluzinmobiliaria.com<\/strong><\/a><\/p>\t\t\t\t\t\t\t\t<\/div>\n\t\t\t\t<div class=\"elementor-element elementor-element-5c7d3e1 elementor-widget elementor-widget-text-editor\" data-id=\"5c7d3e1\" data-element_type=\"widget\" data-e-type=\"widget\" data-widget_type=\"text-editor.default\">\n\t\t\t\t\t\t\t\t\t<p>II. GENERAL TERMS AND CONDITIONS OF USE<\/p>\t\t\t\t\t\t\t\t<\/div>\n\t\t\t\t<div class=\"elementor-element elementor-element-9027c97 elementor-widget elementor-widget-text-editor\" data-id=\"9027c97\" data-element_type=\"widget\" data-e-type=\"widget\" data-widget_type=\"text-editor.default\">\n\t\t\t\t\t\t\t\t\t<p>The subject of the conditions: The Website<\/p>\t\t\t\t\t\t\t\t<\/div>\n\t\t\t\t<div class=\"elementor-element elementor-element-5b82f12 elementor-widget elementor-widget-text-editor\" data-id=\"5b82f12\" data-element_type=\"widget\" data-e-type=\"widget\" data-widget_type=\"text-editor.default\">\n\t\t\t\t\t\t\t\t\t<p>The purpose of these General Terms of Use (hereinafter, Terms) is to regulate access to and use of the Website. For the purposes of these Terms, the Website shall be understood to mean: the external appearance of the screen interfaces, both static and dynamic, i.e., the navigation structure; and all elements integrated into both the screen interfaces and the navigation structure (hereinafter, Content) and all online services or resources that may be offered to Users (hereinafter, Services).<\/p><p>TRASLUZ INMOBILIARIA reserves the right to modify, at any time and without prior notice, the presentation and configuration of the Website and the Content and Services that may be incorporated therein. The User acknowledges and accepts that TRASLUZ INMOBILIARIA may, at any time, interrupt, disable, and\/or cancel any of these elements integrated into the Website or access to them.<\/p>\t\t\t\t\t\t\t\t<\/div>\n\t\t\t\t<div class=\"elementor-element elementor-element-8056cc9 elementor-widget elementor-widget-text-editor\" data-id=\"8056cc9\" data-element_type=\"widget\" data-e-type=\"widget\" data-widget_type=\"text-editor.default\">\n\t\t\t\t\t\t\t\t\t<p>The User<\/p>\t\t\t\t\t\t\t\t<\/div>\n\t\t\t\t<div class=\"elementor-element elementor-element-c00ca43 elementor-widget elementor-widget-text-editor\" data-id=\"c00ca43\" data-element_type=\"widget\" data-e-type=\"widget\" data-widget_type=\"text-editor.default\">\n\t\t\t\t\t\t\t\t\t<p>Accessing, browsing, and using this Website confers the status of User, and therefore, by beginning to browse the Website, you accept all the Conditions established herein, as well as any subsequent modifications, without prejudice to the application of the corresponding mandatory legal regulations as applicable. Given the importance of the foregoing, Users are advised to read them each time they visit the Website.<\/p><p>The TRASLUZ INMOBILIARIA website provides a wide variety of information, services, and data. The user assumes responsibility for making proper use of the website. This responsibility extends to:<\/p><ul><li>Use of the information, content and\/or services and data offered by TRASLUZ INMOBILIARIA in a manner that is not contrary to the provisions of these Conditions, the Law, morality or public order, or that may in any other way imply harm to the rights of third parties or the proper functioning of the Website.<\/li><li>The User is responsible for the accuracy and legality of the information provided in the forms provided by TRASLUZ INMOBILIARIA for access to certain Content or Services offered by the Website. In any case, the User shall immediately notify TRASLUZ INMOBILIARIA of any event that could lead to the misuse of the information registered in said forms, such as, but not limited to, theft, loss, or unauthorized access to usernames and\/or passwords, in order to proceed with their immediate cancellation.<\/li><\/ul><div>\u00a0<\/div><p>Mere access to this Website does not imply establishing any type of commercial relationship between TRASLUZ INMOBILIARIA and the User.<\/p>\t\t\t\t\t\t\t\t<\/div>\n\t\t\t\t<div class=\"elementor-element elementor-element-5551162 elementor-widget elementor-widget-text-editor\" data-id=\"5551162\" data-element_type=\"widget\" data-e-type=\"widget\" data-widget_type=\"text-editor.default\">\n\t\t\t\t\t\t\t\t\t<p>III. ACCESS AND NAVIGATION ON THE WEBSITE: EXCLUSION OF WARRANTIES AND LIABILITY<\/p>\t\t\t\t\t\t\t\t<\/div>\n\t\t\t\t<div class=\"elementor-element elementor-element-0c4d193 elementor-widget elementor-widget-text-editor\" data-id=\"0c4d193\" data-element_type=\"widget\" data-e-type=\"widget\" data-widget_type=\"text-editor.default\">\n\t\t\t\t\t\t\t\t\t<p>TRASLUZ INMOBILIARIA does not guarantee the continuity, availability, or usefulness of the Website, nor of its Content or Services. TRASLUZ INMOBILIARIA will make every effort to ensure the proper functioning of the Website; however, it is not responsible for and does not guarantee that access to this Website will be uninterrupted or error-free.<\/p><p>TRASLUZ INMOBILIARIA is not responsible for or guarantees that the content or software accessible through this Website is error-free or will not cause damage to the User&#039;s computer system (software and hardware). Under no circumstances will TRASLUZ INMOBILIARIA be liable for any losses, damages, or harm of any kind arising from access to, browsing of, or use of the Website, including, but not limited to, damage to computer systems or damage caused by the introduction of viruses.<\/p><p>TRASLUZ INMOBILIARIA is also not responsible for any damages that may be caused to users by improper use of this Website. In particular, it is not responsible in any way for any failures, interruptions, or defects in telecommunications that may occur.<\/p>\t\t\t\t\t\t\t\t<\/div>\n\t\t\t\t<div class=\"elementor-element elementor-element-27be5af elementor-widget elementor-widget-text-editor\" data-id=\"27be5af\" data-element_type=\"widget\" data-e-type=\"widget\" data-widget_type=\"text-editor.default\">\n\t\t\t\t\t\t\t\t\t<p>IV. LINKING POLICY<\/p>\t\t\t\t\t\t\t\t<\/div>\n\t\t\t\t<div class=\"elementor-element elementor-element-01af0a5 elementor-widget elementor-widget-text-editor\" data-id=\"01af0a5\" data-element_type=\"widget\" data-e-type=\"widget\" data-widget_type=\"text-editor.default\">\n\t\t\t\t\t\t\t\t\t<p>TRASLUZ INMOBILIARIA does not offer or market, either directly or through third parties, the products and\/or services available on these linked sites.<\/p><p>The User or third party who creates a hyperlink from a web page of another, different website to the TRASLUZ INMOBILIARIA Website should know that:<\/p><p>Reproduction \u2014in whole or in part\u2014 of any of the Website Content and\/or Services is not permitted without the express authorization of TRASLUZ INMOBILIARIA.<\/p><p>No false, inaccurate or incorrect statements about the TRASLUZ INMOBILIARIA Website, or about its Content and\/or Services, are permitted.<\/p><p>With the exception of the hyperlink, the website in which said hyperlink is established shall not contain any element from this Website that is protected as intellectual property under Spanish law, unless expressly authorized by TRASLUZ INMOBILIARIA.<\/p><p>The establishment of the hyperlink will not imply the existence of relationships between TRASLUZ INMOBILIARIA and the owner of the website from which it is made, nor the knowledge and acceptance of TRASLUZ INMOBILIARIA of the content, services and\/or activities offered on said website, and vice versa.<\/p>\t\t\t\t\t\t\t\t<\/div>\n\t\t\t\t<div class=\"elementor-element elementor-element-f4feefa elementor-widget elementor-widget-text-editor\" data-id=\"f4feefa\" data-element_type=\"widget\" data-e-type=\"widget\" data-widget_type=\"text-editor.default\">\n\t\t\t\t\t\t\t\t\t<p>V. INTELLECTUAL AND INDUSTRIAL PROPERTY<\/p>\t\t\t\t\t\t\t\t<\/div>\n\t\t\t\t<div class=\"elementor-element elementor-element-1802abd elementor-widget elementor-widget-text-editor\" data-id=\"1802abd\" data-element_type=\"widget\" data-e-type=\"widget\" data-widget_type=\"text-editor.default\">\n\t\t\t\t\t\t\t\t\t<p>TRASLUZ INMOBILIARIA, either directly or as an assignee, owns all intellectual and industrial property rights to the Website, as well as the elements contained therein (including, but not limited to, images, sound, audio, video, software or texts, trademarks or logos, color combinations, structure and design, selection of materials used, computer programs necessary for its operation, access and use, etc.). These are therefore works protected as intellectual property under Spanish law, and both Spanish and European Union regulations in this field, as well as international treaties on the subject to which Spain is a signatory, apply to them.<\/p><p>All rights reserved. In accordance with the provisions of the Intellectual Property Law, the reproduction, distribution and public communication, including making available, of all or part of the contents of this website for commercial purposes, in any medium and by any technical means, is expressly prohibited without the authorization of TRASLUZ INMOBILIARIA.<\/p><p>The User agrees to respect the intellectual and industrial property rights of TRASLUZ INMOBILIARIA. The User may view the elements of the Website and even print, copy, and store them on their computer&#039;s hard drive or any other physical medium, provided that this is exclusively for their personal use. However, the User may not delete, alter, or manipulate any protection device or security system installed on the Website.<\/p><p>If the User or a third party considers that any of the Website Content constitutes a violation of intellectual property rights, they must immediately notify TRASLUZ INMOBILIARIA through the contact details in the GENERAL INFORMATION section of this Legal Notice and General Terms of Use.<\/p>\t\t\t\t\t\t\t\t<\/div>\n\t\t\t\t<div class=\"elementor-element elementor-element-e3997e1 elementor-widget elementor-widget-text-editor\" data-id=\"e3997e1\" data-element_type=\"widget\" data-e-type=\"widget\" data-widget_type=\"text-editor.default\">\n\t\t\t\t\t\t\t\t\t<p>VI. LEGAL ACTIONS, APPLICABLE LAW AND JURISDICTION<\/p>\t\t\t\t\t\t\t\t<\/div>\n\t\t\t\t<div class=\"elementor-element elementor-element-7ac3730 elementor-widget elementor-widget-text-editor\" data-id=\"7ac3730\" data-element_type=\"widget\" data-e-type=\"widget\" data-widget_type=\"text-editor.default\">\n\t\t\t\t\t\t\t\t\t<p>TRASLUZ INMOBILIARIA reserves the right to take any civil or criminal action it deems necessary for the improper use of the Website and Content, or for non-compliance with these Terms and Conditions.<\/p><p>The relationship between the User and TRASLUZ INMOBILIARIA shall be governed by the laws in force and applicable in Spain. Any dispute arising in connection with the interpretation and\/or application of these Terms and Conditions shall be submitted to the ordinary courts of law, subject to the jurisdiction of the competent courts and tribunals.<\/p><p>This Legal Notice and General Terms of Use document for the website was created using the online legal notice and terms of use template generator on 16\/07\/2021.<\/p>\t\t\t\t\t\t\t\t<\/div>\n\t\t\t\t\t<\/div>\n\t\t\t\t<\/div>\n\t\t\t\t<\/div>","protected":false},"excerpt":{"rendered":"<p>Aviso legal y condiciones generales de uso. I. INFORMACI\u00d3N GENERAL En cumplimiento con el deber de informaci\u00f3n dispuesto en la Ley 34\/2002 de Servicios de la Sociedad de la Informaci\u00f3n y el Comercio Electr\u00f3nico (LSSI-CE) de 11 de julio, se facilitan a continuaci\u00f3n los siguientes datos de informaci\u00f3n general de este sitio web: La titularidad [&hellip;]<\/p>\n","protected":false},"author":2,"featured_media":0,"parent":0,"menu_order":0,"comment_status":"closed","ping_status":"closed","template":"","meta":{"footnotes":""},"class_list":["post-48","page","type-page","status-publish","hentry"],"yoast_head":"<!-- This site is optimized with the Yoast SEO plugin v27.4 - https:\/\/yoast.com\/product\/yoast-seo-wordpress\/ -->\n<title>Aviso legal - Trasluz Inmobiliaria<\/title>\n<meta name=\"robots\" content=\"noindex, nofollow\" \/>\n<meta property=\"og:locale\" content=\"en_GB\" \/>\n<meta property=\"og:type\" content=\"article\" \/>\n<meta property=\"og:title\" content=\"Aviso legal - Trasluz Inmobiliaria\" \/>\n<meta property=\"og:description\" content=\"Aviso legal y condiciones generales de uso. I. INFORMACI\u00d3N GENERAL En cumplimiento con el deber de informaci\u00f3n dispuesto en la Ley 34\/2002 de Servicios de la Sociedad de la Informaci\u00f3n y el Comercio Electr\u00f3nico (LSSI-CE) de 11 de julio, se facilitan a continuaci\u00f3n los siguientes datos de informaci\u00f3n general de este sitio web: La titularidad [&hellip;]\" \/>\n<meta property=\"og:url\" content=\"https:\/\/trasluzinmobiliaria.com\/en\/aviso-legal\/\" \/>\n<meta property=\"og:site_name\" content=\"Trasluz Inmobiliaria\" \/>\n<meta property=\"article:modified_time\" content=\"2026-01-29T09:29:13+00:00\" \/>\n<meta name=\"twitter:card\" content=\"summary_large_image\" \/>\n<meta name=\"twitter:label1\" content=\"Estimated reading time\" \/>\n\t<meta name=\"twitter:data1\" content=\"7 minutes\" \/>\n<script type=\"application\/ld+json\" class=\"yoast-schema-graph\">{\"@context\":\"https:\\\/\\\/schema.org\",\"@graph\":[{\"@type\":\"WebPage\",\"@id\":\"https:\\\/\\\/trasluzinmobiliaria.com\\\/aviso-legal\\\/\",\"url\":\"https:\\\/\\\/trasluzinmobiliaria.com\\\/aviso-legal\\\/\",\"name\":\"Aviso legal - Trasluz Inmobiliaria\",\"isPartOf\":{\"@id\":\"https:\\\/\\\/trasluzinmobiliaria.com\\\/#website\"},\"datePublished\":\"2025-11-13T10:02:18+00:00\",\"dateModified\":\"2026-01-29T09:29:13+00:00\",\"breadcrumb\":{\"@id\":\"https:\\\/\\\/trasluzinmobiliaria.com\\\/aviso-legal\\\/#breadcrumb\"},\"inLanguage\":\"en-GB\",\"potentialAction\":[{\"@type\":\"ReadAction\",\"target\":[\"https:\\\/\\\/trasluzinmobiliaria.com\\\/aviso-legal\\\/\"]}]},{\"@type\":\"BreadcrumbList\",\"@id\":\"https:\\\/\\\/trasluzinmobiliaria.com\\\/aviso-legal\\\/#breadcrumb\",\"itemListElement\":[{\"@type\":\"ListItem\",\"position\":1,\"name\":\"Portada\",\"item\":\"https:\\\/\\\/trasluzinmobiliaria.com\\\/\"},{\"@type\":\"ListItem\",\"position\":2,\"name\":\"Aviso legal\"}]},{\"@type\":\"WebSite\",\"@id\":\"https:\\\/\\\/trasluzinmobiliaria.com\\\/#website\",\"url\":\"https:\\\/\\\/trasluzinmobiliaria.com\\\/\",\"name\":\"Trasluz Inmobiliaria\",\"description\":\"\",\"publisher\":{\"@id\":\"https:\\\/\\\/trasluzinmobiliaria.com\\\/#organization\"},\"potentialAction\":[{\"@type\":\"SearchAction\",\"target\":{\"@type\":\"EntryPoint\",\"urlTemplate\":\"https:\\\/\\\/trasluzinmobiliaria.com\\\/?s={search_term_string}\"},\"query-input\":{\"@type\":\"PropertyValueSpecification\",\"valueRequired\":true,\"valueName\":\"search_term_string\"}}],\"inLanguage\":\"en-GB\"},{\"@type\":\"Organization\",\"@id\":\"https:\\\/\\\/trasluzinmobiliaria.com\\\/#organization\",\"name\":\"Trasluz Inmobiliaria\",\"url\":\"https:\\\/\\\/trasluzinmobiliaria.com\\\/\",\"logo\":{\"@type\":\"ImageObject\",\"inLanguage\":\"en-GB\",\"@id\":\"https:\\\/\\\/trasluzinmobiliaria.com\\\/#\\\/schema\\\/logo\\\/image\\\/\",\"url\":\"https:\\\/\\\/trasluzinmobiliaria.com\\\/wp-content\\\/uploads\\\/2025\\\/11\\\/logo-trasluz.svg\",\"contentUrl\":\"https:\\\/\\\/trasluzinmobiliaria.com\\\/wp-content\\\/uploads\\\/2025\\\/11\\\/logo-trasluz.svg\",\"width\":106,\"height\":25,\"caption\":\"Trasluz Inmobiliaria\"},\"image\":{\"@id\":\"https:\\\/\\\/trasluzinmobiliaria.com\\\/#\\\/schema\\\/logo\\\/image\\\/\"}}]}<\/script>\n<!-- \/ Yoast SEO plugin. -->","yoast_head_json":{"title":"Aviso legal - Trasluz Inmobiliaria","robots":{"index":"noindex","follow":"nofollow"},"og_locale":"en_GB","og_type":"article","og_title":"Aviso legal - Trasluz Inmobiliaria","og_description":"Aviso legal y condiciones generales de uso. I. INFORMACI\u00d3N GENERAL En cumplimiento con el deber de informaci\u00f3n dispuesto en la Ley 34\/2002 de Servicios de la Sociedad de la Informaci\u00f3n y el Comercio Electr\u00f3nico (LSSI-CE) de 11 de julio, se facilitan a continuaci\u00f3n los siguientes datos de informaci\u00f3n general de este sitio web: La titularidad [&hellip;]","og_url":"https:\/\/trasluzinmobiliaria.com\/en\/aviso-legal\/","og_site_name":"Trasluz Inmobiliaria","article_modified_time":"2026-01-29T09:29:13+00:00","twitter_card":"summary_large_image","twitter_misc":{"Estimated reading time":"7 minutes"},"schema":{"@context":"https:\/\/schema.org","@graph":[{"@type":"WebPage","@id":"https:\/\/trasluzinmobiliaria.com\/aviso-legal\/","url":"https:\/\/trasluzinmobiliaria.com\/aviso-legal\/","name":"Aviso legal - Trasluz Inmobiliaria","isPartOf":{"@id":"https:\/\/trasluzinmobiliaria.com\/#website"},"datePublished":"2025-11-13T10:02:18+00:00","dateModified":"2026-01-29T09:29:13+00:00","breadcrumb":{"@id":"https:\/\/trasluzinmobiliaria.com\/aviso-legal\/#breadcrumb"},"inLanguage":"en-GB","potentialAction":[{"@type":"ReadAction","target":["https:\/\/trasluzinmobiliaria.com\/aviso-legal\/"]}]},{"@type":"BreadcrumbList","@id":"https:\/\/trasluzinmobiliaria.com\/aviso-legal\/#breadcrumb","itemListElement":[{"@type":"ListItem","position":1,"name":"Portada","item":"https:\/\/trasluzinmobiliaria.com\/"},{"@type":"ListItem","position":2,"name":"Aviso legal"}]},{"@type":"WebSite","@id":"https:\/\/trasluzinmobiliaria.com\/#website","url":"https:\/\/trasluzinmobiliaria.com\/","name":"Trasluz Real Estate","description":"","publisher":{"@id":"https:\/\/trasluzinmobiliaria.com\/#organization"},"potentialAction":[{"@type":"SearchAction","target":{"@type":"EntryPoint","urlTemplate":"https:\/\/trasluzinmobiliaria.com\/?s={search_term_string}"},"query-input":{"@type":"PropertyValueSpecification","valueRequired":true,"valueName":"search_term_string"}}],"inLanguage":"en-GB"},{"@type":"Organization","@id":"https:\/\/trasluzinmobiliaria.com\/#organization","name":"Trasluz Real Estate","url":"https:\/\/trasluzinmobiliaria.com\/","logo":{"@type":"ImageObject","inLanguage":"en-GB","@id":"https:\/\/trasluzinmobiliaria.com\/#\/schema\/logo\/image\/","url":"https:\/\/trasluzinmobiliaria.com\/wp-content\/uploads\/2025\/11\/logo-trasluz.svg","contentUrl":"https:\/\/trasluzinmobiliaria.com\/wp-content\/uploads\/2025\/11\/logo-trasluz.svg","width":106,"height":25,"caption":"Trasluz Inmobiliaria"},"image":{"@id":"https:\/\/trasluzinmobiliaria.com\/#\/schema\/logo\/image\/"}}]}},"_links":{"self":[{"href":"https:\/\/trasluzinmobiliaria.com\/en\/wp-json\/wp\/v2\/pages\/48","targetHints":{"allow":["GET"]}}],"collection":[{"href":"https:\/\/trasluzinmobiliaria.com\/en\/wp-json\/wp\/v2\/pages"}],"about":[{"href":"https:\/\/trasluzinmobiliaria.com\/en\/wp-json\/wp\/v2\/types\/page"}],"author":[{"embeddable":true,"href":"https:\/\/trasluzinmobiliaria.com\/en\/wp-json\/wp\/v2\/users\/2"}],"replies":[{"embeddable":true,"href":"https:\/\/trasluzinmobiliaria.com\/en\/wp-json\/wp\/v2\/comments?post=48"}],"version-history":[{"count":10,"href":"https:\/\/trasluzinmobiliaria.com\/en\/wp-json\/wp\/v2\/pages\/48\/revisions"}],"predecessor-version":[{"id":437,"href":"https:\/\/trasluzinmobiliaria.com\/en\/wp-json\/wp\/v2\/pages\/48\/revisions\/437"}],"wp:attachment":[{"href":"https:\/\/trasluzinmobiliaria.com\/en\/wp-json\/wp\/v2\/media?parent=48"}],"curies":[{"name":"wp","href":"https:\/\/api.w.org\/{rel}","templated":true}]}}